{"id":31751,"date":"2021-11-12T00:25:27","date_gmt":"2021-11-11T23:25:27","guid":{"rendered":"https:\/\/www.gondola-medical.com\/propos-gondola\/team\/stefano-tassin\/"},"modified":"2023-11-17T09:52:36","modified_gmt":"2023-11-17T08:52:36","slug":"stefano-tassin","status":"publish","type":"page","link":"https:\/\/vecchio.gondola-medical.com\/fr\/propos-gondola-medical\/team\/stefano-tassin\/","title":{"rendered":"Stefano Tassin"},"content":{"rendered":"\t\t<div data-elementor-type=\"wp-page\" data-elementor-id=\"31751\" class=\"elementor elementor-31751 elementor-18666\" data-elementor-post-type=\"page\">\n\t\t\t\t\t\t<section class=\"elementor-section elementor-top-section elementor-element elementor-element-86c757f elementor-section-boxed elementor-section-height-default elementor-section-height-default\" data-id=\"86c757f\" data-element_type=\"section\" data-settings=\"{&quot;jet_parallax_layout_list&quot;:[{&quot;jet_parallax_layout_image&quot;:{&quot;url&quot;:&quot;&quot;,&quot;id&quot;:&quot;&quot;,&quot;size&quot;:&quot;&quot;},&quot;_id&quot;:&quot;f52eaf4&quot;,&quot;jet_parallax_layout_image_laptop&quot;:{&quot;url&quot;:&quot;&quot;,&quot;id&quot;:&quot;&quot;,&quot;size&quot;:&quot;&quot;},&quot;jet_parallax_layout_image_tablet&quot;:{&quot;url&quot;:&quot;&quot;,&quot;id&quot;:&quot;&quot;,&quot;size&quot;:&quot;&quot;},&quot;jet_parallax_layout_image_mobile_extra&quot;:{&quot;url&quot;:&quot;&quot;,&quot;id&quot;:&quot;&quot;,&quot;size&quot;:&quot;&quot;},&quot;jet_parallax_layout_image_mobile&quot;:{&quot;url&quot;:&quot;&quot;,&quot;id&quot;:&quot;&quot;,&quot;size&quot;:&quot;&quot;},&quot;jet_parallax_layout_speed&quot;:{&quot;unit&quot;:&quot;%&quot;,&quot;size&quot;:50,&quot;sizes&quot;:[]},&quot;jet_parallax_layout_type&quot;:&quot;scroll&quot;,&quot;jet_parallax_layout_direction&quot;:&quot;1&quot;,&quot;jet_parallax_layout_fx_direction&quot;:null,&quot;jet_parallax_layout_z_index&quot;:&quot;&quot;,&quot;jet_parallax_layout_bg_x&quot;:50,&quot;jet_parallax_layout_bg_x_laptop&quot;:&quot;&quot;,&quot;jet_parallax_layout_bg_x_tablet&quot;:&quot;&quot;,&quot;jet_parallax_layout_bg_x_mobile_extra&quot;:&quot;&quot;,&quot;jet_parallax_layout_bg_x_mobile&quot;:&quot;&quot;,&quot;jet_parallax_layout_bg_y&quot;:50,&quot;jet_parallax_layout_bg_y_laptop&quot;:&quot;&quot;,&quot;jet_parallax_layout_bg_y_tablet&quot;:&quot;&quot;,&quot;jet_parallax_layout_bg_y_mobile_extra&quot;:&quot;&quot;,&quot;jet_parallax_layout_bg_y_mobile&quot;:&quot;&quot;,&quot;jet_parallax_layout_bg_size&quot;:&quot;auto&quot;,&quot;jet_parallax_layout_bg_size_laptop&quot;:&quot;&quot;,&quot;jet_parallax_layout_bg_size_tablet&quot;:&quot;&quot;,&quot;jet_parallax_layout_bg_size_mobile_extra&quot;:&quot;&quot;,&quot;jet_parallax_layout_bg_size_mobile&quot;:&quot;&quot;,&quot;jet_parallax_layout_animation_prop&quot;:&quot;transform&quot;,&quot;jet_parallax_layout_on&quot;:[&quot;desktop&quot;,&quot;tablet&quot;]}]}\">\n\t\t\t\t\t\t<div class=\"elementor-container elementor-column-gap-default\">\n\t\t\t\t\t<div class=\"elementor-column elementor-col-50 elementor-top-column elementor-element elementor-element-f11c969\" data-id=\"f11c969\" data-element_type=\"column\">\n\t\t\t<div class=\"elementor-widget-wrap elementor-element-populated\">\n\t\t\t\t\t\t<div class=\"elementor-element elementor-element-1e279ad elementor-widget elementor-widget-image\" data-id=\"1e279ad\" data-element_type=\"widget\" data-widget_type=\"image.default\">\n\t\t\t\t<div class=\"elementor-widget-container\">\n\t\t\t\t\t\t\t\t\t\t\t\t\t\t\t<img fetchpriority=\"high\" decoding=\"async\" width=\"768\" height=\"768\" src=\"https:\/\/vecchio.gondola-medical.com\/images\/Stefano-Tassin-768x768.webp\" class=\"attachment-medium_large size-medium_large wp-image-40178\" alt=\"Co Founder Gondola\" srcset=\"https:\/\/vecchio.gondola-medical.com\/images\/Stefano-Tassin-768x768.webp 768w, https:\/\/vecchio.gondola-medical.com\/images\/Stefano-Tassin-300x300.webp 300w, https:\/\/vecchio.gondola-medical.com\/images\/Stefano-Tassin-1024x1024.webp 1024w, https:\/\/vecchio.gondola-medical.com\/images\/Stefano-Tassin-150x150.webp 150w, https:\/\/vecchio.gondola-medical.com\/images\/Stefano-Tassin.webp 1080w\" sizes=\"(max-width: 768px) 100vw, 768px\" \/>\t\t\t\t\t\t\t\t\t\t\t\t\t\t\t<\/div>\n\t\t\t\t<\/div>\n\t\t\t\t\t<\/div>\n\t\t<\/div>\n\t\t\t\t<div class=\"elementor-column elementor-col-50 elementor-top-column elementor-element elementor-element-5571bf7\" data-id=\"5571bf7\" data-element_type=\"column\">\n\t\t\t<div class=\"elementor-widget-wrap elementor-element-populated\">\n\t\t\t\t\t\t<div class=\"elementor-element elementor-element-f550157 elementor-widget elementor-widget-heading\" data-id=\"f550157\" data-element_type=\"widget\" data-widget_type=\"heading.default\">\n\t\t\t\t<div class=\"elementor-widget-container\">\n\t\t\t\t\t<h1 class=\"elementor-heading-title elementor-size-default\">Stefano Tassin <\/h1>\t\t\t\t<\/div>\n\t\t\t\t<\/div>\n\t\t\t\t<div class=\"elementor-element elementor-element-a9a692d elementor-widget elementor-widget-heading\" data-id=\"a9a692d\" data-element_type=\"widget\" data-widget_type=\"heading.default\">\n\t\t\t\t<div class=\"elementor-widget-container\">\n\t\t\t\t\t<h2 class=\"elementor-heading-title elementor-size-default\">Co-founder et CTO<\/h2>\t\t\t\t<\/div>\n\t\t\t\t<\/div>\n\t\t\t\t<div class=\"elementor-element elementor-element-2bcb50f elementor-widget elementor-widget-text-editor\" data-id=\"2bcb50f\" data-element_type=\"widget\" data-widget_type=\"text-editor.default\">\n\t\t\t\t<div class=\"elementor-widget-container\">\n\t\t\t\t\t\t\t\t\t<p>\u00ab\u00a0Le docteur Stefano Tassin est l&rsquo;inventeur de la th\u00e9rapie Gondola AMPS.<\/p>\n<p>Il poss\u00e8de une solide exp\u00e9rience en mati\u00e8re de th\u00e9rapies de restauration pour les conditions neurologiques et une longue histoire de recherche dans ce domaine.<\/p>\n<p>Au cours de l&rsquo;une de ses recherches, il a d\u00e9couvert cette th\u00e9rapie.<\/p>\n<p>Lors d&rsquo;une s\u00e9ance, le Dr Tassin a accidentellement touch\u00e9 le pied d&rsquo;un patient atteint de la maladie de Parkinson \u00e0 un stade tr\u00e8s avanc\u00e9, et le patient s&rsquo;est \u00e9tonnamment lev\u00e9 et a commenc\u00e9 \u00e0 marcher.<\/p>\n\t\t\t\t\t\t\t\t<\/div>\n\t\t\t\t<\/div>\n\t\t\t\t\t<\/div>\n\t\t<\/div>\n\t\t\t\t\t<\/div>\n\t\t<\/section>\n\t\t\t\t<section class=\"elementor-section elementor-top-section elementor-element elementor-element-2a06f7a elementor-reverse-tablet elementor-reverse-mobile elementor-section-boxed elementor-section-height-default elementor-section-height-default\" data-id=\"2a06f7a\" data-element_type=\"section\" data-settings=\"{&quot;jet_parallax_layout_list&quot;:[{&quot;jet_parallax_layout_image&quot;:{&quot;url&quot;:&quot;&quot;,&quot;id&quot;:&quot;&quot;,&quot;size&quot;:&quot;&quot;},&quot;_id&quot;:&quot;6274ba1&quot;,&quot;jet_parallax_layout_image_laptop&quot;:{&quot;url&quot;:&quot;&quot;,&quot;id&quot;:&quot;&quot;,&quot;size&quot;:&quot;&quot;},&quot;jet_parallax_layout_image_tablet&quot;:{&quot;url&quot;:&quot;&quot;,&quot;id&quot;:&quot;&quot;,&quot;size&quot;:&quot;&quot;},&quot;jet_parallax_layout_image_mobile_extra&quot;:{&quot;url&quot;:&quot;&quot;,&quot;id&quot;:&quot;&quot;,&quot;size&quot;:&quot;&quot;},&quot;jet_parallax_layout_image_mobile&quot;:{&quot;url&quot;:&quot;&quot;,&quot;id&quot;:&quot;&quot;,&quot;size&quot;:&quot;&quot;},&quot;jet_parallax_layout_speed&quot;:{&quot;unit&quot;:&quot;%&quot;,&quot;size&quot;:50,&quot;sizes&quot;:[]},&quot;jet_parallax_layout_type&quot;:&quot;scroll&quot;,&quot;jet_parallax_layout_direction&quot;:&quot;1&quot;,&quot;jet_parallax_layout_fx_direction&quot;:null,&quot;jet_parallax_layout_z_index&quot;:&quot;&quot;,&quot;jet_parallax_layout_bg_x&quot;:50,&quot;jet_parallax_layout_bg_x_laptop&quot;:&quot;&quot;,&quot;jet_parallax_layout_bg_x_tablet&quot;:&quot;&quot;,&quot;jet_parallax_layout_bg_x_mobile_extra&quot;:&quot;&quot;,&quot;jet_parallax_layout_bg_x_mobile&quot;:&quot;&quot;,&quot;jet_parallax_layout_bg_y&quot;:50,&quot;jet_parallax_layout_bg_y_laptop&quot;:&quot;&quot;,&quot;jet_parallax_layout_bg_y_tablet&quot;:&quot;&quot;,&quot;jet_parallax_layout_bg_y_mobile_extra&quot;:&quot;&quot;,&quot;jet_parallax_layout_bg_y_mobile&quot;:&quot;&quot;,&quot;jet_parallax_layout_bg_size&quot;:&quot;auto&quot;,&quot;jet_parallax_layout_bg_size_laptop&quot;:&quot;&quot;,&quot;jet_parallax_layout_bg_size_tablet&quot;:&quot;&quot;,&quot;jet_parallax_layout_bg_size_mobile_extra&quot;:&quot;&quot;,&quot;jet_parallax_layout_bg_size_mobile&quot;:&quot;&quot;,&quot;jet_parallax_layout_animation_prop&quot;:&quot;transform&quot;,&quot;jet_parallax_layout_on&quot;:[&quot;desktop&quot;,&quot;tablet&quot;]}]}\">\n\t\t\t\t\t\t<div class=\"elementor-container elementor-column-gap-default\">\n\t\t\t\t\t<div class=\"elementor-column elementor-col-50 elementor-top-column elementor-element elementor-element-3576dcf\" data-id=\"3576dcf\" data-element_type=\"column\">\n\t\t\t<div class=\"elementor-widget-wrap\">\n\t\t\t\t\t\t\t<\/div>\n\t\t<\/div>\n\t\t\t\t<div class=\"elementor-column elementor-col-50 elementor-top-column elementor-element elementor-element-23f65d8\" data-id=\"23f65d8\" data-element_type=\"column\">\n\t\t\t<div class=\"elementor-widget-wrap elementor-element-populated\">\n\t\t\t\t\t\t<div class=\"elementor-element elementor-element-9a96e4d elementor-view-default elementor-widget elementor-widget-icon\" data-id=\"9a96e4d\" data-element_type=\"widget\" data-widget_type=\"icon.default\">\n\t\t\t\t<div class=\"elementor-widget-container\">\n\t\t\t\t\t\t\t<div class=\"elementor-icon-wrapper\">\n\t\t\t<div class=\"elementor-icon\">\n\t\t\t<svg xmlns=\"http:\/\/www.w3.org\/2000\/svg\" width=\"42.121\" height=\"23.182\" viewBox=\"0 0 42.121 23.182\"><g id=\"Scroll_Down_Arrow\" data-name=\"Scroll Down Arrow\" transform=\"translate(1.061 1.061)\"><path id=\"Trac&#xE9;_18\" data-name=\"Trac&#xE9; 18\" d=\"M-402,5435.474l20-20,20,20\" transform=\"translate(-362 5435.474) rotate(180)\" fill=\"none\" stroke=\"#004890\" stroke-width=\"3\"><\/path><\/g><\/svg>\t\t\t<\/div>\n\t\t<\/div>\n\t\t\t\t\t\t<\/div>\n\t\t\t\t<\/div>\n\t\t\t\t<div class=\"elementor-element elementor-element-63fd1dc elementor-widget elementor-widget-heading\" data-id=\"63fd1dc\" data-element_type=\"widget\" data-widget_type=\"heading.default\">\n\t\t\t\t<div class=\"elementor-widget-container\">\n\t\t\t\t\t<h3 class=\"elementor-heading-title elementor-size-default\">EXP\u00c9RIENCES PR\u00c9C\u00c9DENTES<\/h3>\t\t\t\t<\/div>\n\t\t\t\t<\/div>\n\t\t\t\t<div class=\"elementor-element elementor-element-d08bd5e elementor-widget elementor-widget-text-editor\" data-id=\"d08bd5e\" data-element_type=\"widget\" data-widget_type=\"text-editor.default\">\n\t\t\t\t<div class=\"elementor-widget-container\">\n\t\t\t\t\t\t\t\t\t<p>Exp\u00e9rience en th\u00e9rapies de restauration pour les conditions neurologiques<\/p>\n<p>Pratique clinique de neuro r\u00e9adaptation<\/p>\n<p>Dipl\u00f4m\u00e9 en Physio -Kin\u00e9sith\u00e9rapie, Universit\u00e9 de Caserte &#8211; 1996<br \/>\nDipl\u00f4me en ost\u00e9opathie &#8211; 2001<br \/>\nMaster en ost\u00e9opathie &#8211; 2004<\/p>\n\t\t\t\t\t\t\t\t<\/div>\n\t\t\t\t<\/div>\n\t\t\t\t<div class=\"elementor-element elementor-element-9fbb1f1 elementor-widget elementor-widget-heading\" data-id=\"9fbb1f1\" data-element_type=\"widget\" data-widget_type=\"heading.default\">\n\t\t\t\t<div class=\"elementor-widget-container\">\n\t\t\t\t\t<h3 class=\"elementor-heading-title elementor-size-default\">LANGUES<\/h3>\t\t\t\t<\/div>\n\t\t\t\t<\/div>\n\t\t\t\t<div class=\"elementor-element elementor-element-bef28e5 elementor-widget elementor-widget-text-editor\" data-id=\"bef28e5\" data-element_type=\"widget\" data-widget_type=\"text-editor.default\">\n\t\t\t\t<div class=\"elementor-widget-container\">\n\t\t\t\t\t\t\t\t\t<p>Italien, anglais, fran\u00e7ais<\/p>\n\t\t\t\t\t\t\t\t<\/div>\n\t\t\t\t<\/div>\n\t\t\t\t<div class=\"elementor-element elementor-element-d334bdd elementor-widget elementor-widget-heading\" data-id=\"d334bdd\" data-element_type=\"widget\" data-widget_type=\"heading.default\">\n\t\t\t\t<div class=\"elementor-widget-container\">\n\t\t\t\t\t<h3 class=\"elementor-heading-title elementor-size-default\">Contact<\/h3>\t\t\t\t<\/div>\n\t\t\t\t<\/div>\n\t\t\t\t<div class=\"elementor-element elementor-element-9695311 elementor-widget__width-auto elementor-view-default elementor-widget elementor-widget-icon\" data-id=\"9695311\" data-element_type=\"widget\" data-widget_type=\"icon.default\">\n\t\t\t\t<div class=\"elementor-widget-container\">\n\t\t\t\t\t\t\t<div class=\"elementor-icon-wrapper\">\n\t\t\t<a class=\"elementor-icon\" href=\"https:\/\/www.linkedin.com\/in\/stefano-tassin\/\" target=\"_blank\" rel=\"nofollow noopener\">\n\t\t\t<i aria-hidden=\"true\" class=\"fab fa-linkedin\"><\/i>\t\t\t<\/a>\n\t\t<\/div>\n\t\t\t\t\t\t<\/div>\n\t\t\t\t<\/div>\n\t\t\t\t<div class=\"elementor-element elementor-element-4cb5337 elementor-widget elementor-widget-text-editor\" data-id=\"4cb5337\" data-element_type=\"widget\" data-widget_type=\"text-editor.default\">\n\t\t\t\t<div class=\"elementor-widget-container\">\n\t\t\t\t\t\t\t\t\t<p><\/p>\r\n<p>email: <a href=\"mailto:%20s.tassin@gondola-medical.com\">s.tassin@gondola-medical.com<\/a><\/p><p><br><\/p>\t\t\t\t\t\t\t\t<\/div>\n\t\t\t\t<\/div>\n\t\t\t\t<div class=\"elementor-element elementor-element-13dccb7 elementor-align-left elementor-widget__width-auto elementor-widget elementor-widget-button\" data-id=\"13dccb7\" data-element_type=\"widget\" data-widget_type=\"button.default\">\n\t\t\t\t<div class=\"elementor-widget-container\">\n\t\t\t\t\t\t\t\t\t<div class=\"elementor-button-wrapper\">\n\t\t\t\t\t<a class=\"elementor-button elementor-button-link elementor-size-sm\" href=\"https:\/\/www.gondola-medical.com\/fr\/propos-gondola-medical\/team\/\">\n\t\t\t\t\t\t<span class=\"elementor-button-content-wrapper\">\n\t\t\t\t\t\t<span class=\"elementor-button-icon\">\n\t\t\t\t<i aria-hidden=\"true\" class=\"fas fa-arrow-right\"><\/i>\t\t\t<\/span>\n\t\t\t\t\t\t\t\t\t<span class=\"elementor-button-text\">Retour \u00e0 la vue d'ensemble<\/span>\n\t\t\t\t\t<\/span>\n\t\t\t\t\t<\/a>\n\t\t\t\t<\/div>\n\t\t\t\t\t\t\t\t<\/div>\n\t\t\t\t<\/div>\n\t\t\t\t<div class=\"elementor-element elementor-element-1e529d2 elementor-align-right elementor-mobile-align-left elementor-widget__width-auto elementor-widget elementor-widget-button\" data-id=\"1e529d2\" data-element_type=\"widget\" data-widget_type=\"button.default\">\n\t\t\t\t<div class=\"elementor-widget-container\">\n\t\t\t\t\t\t\t\t\t<div class=\"elementor-button-wrapper\">\n\t\t\t\t\t<a class=\"elementor-button elementor-button-link elementor-size-sm\" href=\"https:\/\/www.gondola-medical.com\/fr\/propos-gondola-medical\/team\/mauro-santinato\/\">\n\t\t\t\t\t\t<span class=\"elementor-button-content-wrapper\">\n\t\t\t\t\t\t<span class=\"elementor-button-icon\">\n\t\t\t\t<i aria-hidden=\"true\" class=\"fas fa-arrow-right\"><\/i>\t\t\t<\/span>\n\t\t\t\t\t\t\t\t\t<span class=\"elementor-button-text\">Prochain membre de l'\u00e9quipe<\/span>\n\t\t\t\t\t<\/span>\n\t\t\t\t\t<\/a>\n\t\t\t\t<\/div>\n\t\t\t\t\t\t\t\t<\/div>\n\t\t\t\t<\/div>\n\t\t\t\t\t<\/div>\n\t\t<\/div>\n\t\t\t\t\t<\/div>\n\t\t<\/section>\n\t\t\t\t<\/div>\n\t\t","protected":false},"excerpt":{"rendered":"<p>Stefano Tassin Co-founder et CTO \u00ab\u00a0Le docteur Stefano Tassin est l&rsquo;inventeur de la th\u00e9rapie Gondola AMPS. Il poss\u00e8de une solide exp\u00e9rience en mati\u00e8re de th\u00e9rapies de restauration pour les conditions neurologiques et une longue histoire de recherche dans ce domaine. Au cours de l&rsquo;une de ses recherches, il a d\u00e9couvert cette th\u00e9rapie. Lors d&rsquo;une s\u00e9ance, [&hellip;]<\/p>\n","protected":false},"author":12,"featured_media":0,"parent":31587,"menu_order":0,"comment_status":"closed","ping_status":"closed","template":"","meta":{"_mbp_gutenberg_autopost":false,"_pgmb_is_evergreen":true,"_pgmb_ap_template_id":0,"footnotes":""},"class_list":["post-31751","page","type-page","status-publish","hentry"],"_links":{"self":[{"href":"https:\/\/vecchio.gondola-medical.com\/fr\/wp-json\/wp\/v2\/pages\/31751","targetHints":{"allow":["GET"]}}],"collection":[{"href":"https:\/\/vecchio.gondola-medical.com\/fr\/wp-json\/wp\/v2\/pages"}],"about":[{"href":"https:\/\/vecchio.gondola-medical.com\/fr\/wp-json\/wp\/v2\/types\/page"}],"author":[{"embeddable":true,"href":"https:\/\/vecchio.gondola-medical.com\/fr\/wp-json\/wp\/v2\/users\/12"}],"replies":[{"embeddable":true,"href":"https:\/\/vecchio.gondola-medical.com\/fr\/wp-json\/wp\/v2\/comments?post=31751"}],"version-history":[{"count":4,"href":"https:\/\/vecchio.gondola-medical.com\/fr\/wp-json\/wp\/v2\/pages\/31751\/revisions"}],"predecessor-version":[{"id":40228,"href":"https:\/\/vecchio.gondola-medical.com\/fr\/wp-json\/wp\/v2\/pages\/31751\/revisions\/40228"}],"up":[{"embeddable":true,"href":"https:\/\/vecchio.gondola-medical.com\/fr\/wp-json\/wp\/v2\/pages\/31587"}],"wp:attachment":[{"href":"https:\/\/vecchio.gondola-medical.com\/fr\/wp-json\/wp\/v2\/media?parent=31751"}],"curies":[{"name":"wp","href":"https:\/\/api.w.org\/{rel}","templated":true}]}}